{"id":17464,"date":"2021-08-05T16:22:13","date_gmt":"2021-08-05T16:22:13","guid":{"rendered":"https:\/\/americanpetroleumpr.com\/?page_id=17464"},"modified":"2023-06-30T02:18:38","modified_gmt":"2023-06-30T02:18:38","slug":"documents","status":"publish","type":"page","link":"https:\/\/americanpetroleumpr.com\/en\/documents\/","title":{"rendered":"DOCUMENTS"},"content":{"rendered":"\t\t<div data-elementor-type=\"wp-page\" data-elementor-id=\"17464\" class=\"elementor elementor-17464\" data-elementor-post-type=\"page\">\n\t\t\t\t\t\t<section class=\"elementor-section elementor-top-section elementor-element elementor-element-adb8efd elementor-section-boxed elementor-section-height-default elementor-section-height-default\" data-id=\"adb8efd\" data-element_type=\"section\" data-e-type=\"section\">\n\t\t\t\t\t\t<div class=\"elementor-container elementor-column-gap-default\">\n\t\t\t\t\t<div class=\"elementor-column elementor-col-100 elementor-top-column elementor-element elementor-element-8e575e1\" data-id=\"8e575e1\" data-element_type=\"column\" data-e-type=\"column\">\n\t\t\t<div class=\"elementor-widget-wrap elementor-element-populated\">\n\t\t\t\t\t\t<div class=\"elementor-element elementor-element-145b19c elementor-widget elementor-widget-spacer\" data-id=\"145b19c\" data-element_type=\"widget\" data-e-type=\"widget\" data-widget_type=\"spacer.default\">\n\t\t\t\t<div class=\"elementor-widget-container\">\n\t\t\t\t\t\t\t<div class=\"elementor-spacer\">\n\t\t\t<div class=\"elementor-spacer-inner\"><\/div>\n\t\t<\/div>\n\t\t\t\t\t\t<\/div>\n\t\t\t\t<\/div>\n\t\t\t\t\t<\/div>\n\t\t<\/div>\n\t\t\t\t\t<\/div>\n\t\t<\/section>\n\t\t\t\t<section class=\"elementor-section elementor-top-section elementor-element elementor-element-49fd580 elementor-section-boxed elementor-section-height-default elementor-section-height-default\" data-id=\"49fd580\" data-element_type=\"section\" data-e-type=\"section\">\n\t\t\t\t\t\t<div class=\"elementor-container elementor-column-gap-default\">\n\t\t\t\t\t<div class=\"elementor-column elementor-col-100 elementor-top-column elementor-element elementor-element-d1147b3\" data-id=\"d1147b3\" data-element_type=\"column\" data-e-type=\"column\">\n\t\t\t<div class=\"elementor-widget-wrap elementor-element-populated\">\n\t\t\t\t\t\t<div class=\"elementor-element elementor-element-07ddc64 elementor-widget elementor-widget-heading\" data-id=\"07ddc64\" data-element_type=\"widget\" data-e-type=\"widget\" data-widget_type=\"heading.default\">\n\t\t\t\t<div class=\"elementor-widget-container\">\n\t\t\t\t\t<h3 class=\"elementor-heading-title elementor-size-default\">Complete an Application<\/h3>\t\t\t\t<\/div>\n\t\t\t\t<\/div>\n\t\t\t\t\t<\/div>\n\t\t<\/div>\n\t\t\t\t\t<\/div>\n\t\t<\/section>\n\t\t\t\t<section class=\"elementor-section elementor-top-section elementor-element elementor-element-8886845 elementor-section-boxed elementor-section-height-default elementor-section-height-default\" data-id=\"8886845\" data-element_type=\"section\" data-e-type=\"section\">\n\t\t\t\t\t\t<div class=\"elementor-container elementor-column-gap-default\">\n\t\t\t\t\t<div class=\"elementor-column elementor-col-100 elementor-top-column elementor-element elementor-element-bb962a2\" data-id=\"bb962a2\" data-element_type=\"column\" data-e-type=\"column\">\n\t\t\t<div class=\"elementor-widget-wrap\">\n\t\t\t\t\t\t\t<\/div>\n\t\t<\/div>\n\t\t\t\t\t<\/div>\n\t\t<\/section>\n\t\t\t\t<section class=\"elementor-section elementor-top-section elementor-element elementor-element-3dfe986 elementor-section-boxed elementor-section-height-default elementor-section-height-default\" data-id=\"3dfe986\" data-element_type=\"section\" data-e-type=\"section\">\n\t\t\t\t\t\t<div class=\"elementor-container elementor-column-gap-default\">\n\t\t\t\t\t<div class=\"elementor-column elementor-col-50 elementor-top-column elementor-element elementor-element-30f3d2d\" data-id=\"30f3d2d\" data-element_type=\"column\" data-e-type=\"column\">\n\t\t\t<div class=\"elementor-widget-wrap elementor-element-populated\">\n\t\t\t\t\t\t<div class=\"elementor-element elementor-element-6497d8c elementor-align-center elementor-widget elementor-widget-button\" data-id=\"6497d8c\" data-element_type=\"widget\" data-e-type=\"widget\" data-widget_type=\"button.default\">\n\t\t\t\t<div class=\"elementor-widget-container\">\n\t\t\t\t\t\t\t\t\t<div class=\"elementor-button-wrapper\">\n\t\t\t\t\t<a class=\"elementor-button elementor-button-link elementor-size-sm\" href=\"https:\/\/forms.zohopublic.com\/americanpetroleumcoinc\/form\/ClientDetails\/formperma\/edlArsAF8zIOmp6qCPS0qUXj3d5RV6cPW1Vz91qqhuA\" target=\"_blank\" rel=\"noopener\">\n\t\t\t\t\t\t<span class=\"elementor-button-content-wrapper\">\n\t\t\t\t\t\t\t\t\t<span class=\"elementor-button-text\">CREDIT APPLICATION<\/span>\n\t\t\t\t\t<\/span>\n\t\t\t\t\t<\/a>\n\t\t\t\t<\/div>\n\t\t\t\t\t\t\t\t<\/div>\n\t\t\t\t<\/div>\n\t\t\t\t\t<\/div>\n\t\t<\/div>\n\t\t\t\t<div class=\"elementor-column elementor-col-50 elementor-top-column elementor-element elementor-element-996f172\" data-id=\"996f172\" data-element_type=\"column\" data-e-type=\"column\">\n\t\t\t<div class=\"elementor-widget-wrap elementor-element-populated\">\n\t\t\t\t\t\t<div class=\"elementor-element elementor-element-9f97403 elementor-align-center elementor-widget elementor-widget-button\" data-id=\"9f97403\" data-element_type=\"widget\" data-e-type=\"widget\" data-widget_type=\"button.default\">\n\t\t\t\t<div class=\"elementor-widget-container\">\n\t\t\t\t\t\t\t\t\t<div class=\"elementor-button-wrapper\">\n\t\t\t\t\t<a class=\"elementor-button elementor-button-link elementor-size-sm\" href=\"https:\/\/forms.zohopublic.com\/americanpetroleumcoinc\/form\/SolicituddeCuentaEfectivoCheque\/formperma\/7SckV6jSt77x90lDc3jfzbF-ubMN5avhDKs8oNTTuA4\" target=\"_blank\" rel=\"noopener\">\n\t\t\t\t\t\t<span class=\"elementor-button-content-wrapper\">\n\t\t\t\t\t\t\t\t\t<span class=\"elementor-button-text\">CASH APPLICATION<\/span>\n\t\t\t\t\t<\/span>\n\t\t\t\t\t<\/a>\n\t\t\t\t<\/div>\n\t\t\t\t\t\t\t\t<\/div>\n\t\t\t\t<\/div>\n\t\t\t\t\t<\/div>\n\t\t<\/div>\n\t\t\t\t\t<\/div>\n\t\t<\/section>\n\t\t\t\t<section class=\"elementor-section elementor-top-section elementor-element elementor-element-bc40075 animated-slow elementor-section-stretched elementor-section-boxed elementor-section-height-default elementor-section-height-default elementor-invisible\" data-id=\"bc40075\" data-element_type=\"section\" data-e-type=\"section\" data-settings=\"{&quot;animation&quot;:&quot;fadeIn&quot;,&quot;stretch_section&quot;:&quot;section-stretched&quot;}\">\n\t\t\t\t\t\t<div class=\"elementor-container elementor-column-gap-default\">\n\t\t\t\t\t<div class=\"elementor-column elementor-col-100 elementor-top-column elementor-element elementor-element-a2ea525\" data-id=\"a2ea525\" data-element_type=\"column\" data-e-type=\"column\">\n\t\t\t<div class=\"elementor-widget-wrap elementor-element-populated\">\n\t\t\t\t\t\t<div class=\"elementor-element elementor-element-51fc0ac elementor-widget elementor-widget-spacer\" data-id=\"51fc0ac\" data-element_type=\"widget\" data-e-type=\"widget\" data-widget_type=\"spacer.default\">\n\t\t\t\t<div class=\"elementor-widget-container\">\n\t\t\t\t\t\t\t<div class=\"elementor-spacer\">\n\t\t\t<div class=\"elementor-spacer-inner\"><\/div>\n\t\t<\/div>\n\t\t\t\t\t\t<\/div>\n\t\t\t\t<\/div>\n\t\t\t\t<div class=\"elementor-element elementor-element-8053627 elementor-widget elementor-widget-heading\" data-id=\"8053627\" data-element_type=\"widget\" data-e-type=\"widget\" data-widget_type=\"heading.default\">\n\t\t\t\t<div class=\"elementor-widget-container\">\n\t\t\t\t\t<h3 class=\"elementor-heading-title elementor-size-default\">Additional Documents<\/h3>\t\t\t\t<\/div>\n\t\t\t\t<\/div>\n\t\t\t\t<div class=\"elementor-element elementor-element-9694a07 elementor-widget elementor-widget-text-editor\" data-id=\"9694a07\" data-element_type=\"widget\" data-e-type=\"widget\" data-widget_type=\"text-editor.default\">\n\t\t\t\t<div class=\"elementor-widget-container\">\n\t\t\t\t\t\t\t\t\t<p><strong>Documents in PDF format:<\/strong><\/p>\t\t\t\t\t\t\t\t<\/div>\n\t\t\t\t<\/div>\n\t\t\t\t<div class=\"elementor-element elementor-element-65b77c6 elementor-widget elementor-widget-text-editor\" data-id=\"65b77c6\" data-element_type=\"widget\" data-e-type=\"widget\" data-widget_type=\"text-editor.default\">\n\t\t\t\t<div class=\"elementor-widget-container\">\n\t\t\t\t\t\t\t\t\t<ul><li><h5><span style=\"color: #ff6600;\"><a style=\"color: #ff6600;\" href=\"https:\/\/americanpetroleumpr.com\/wp-content\/uploads\/APCAboutUsENG.pdf\" target=\"_blank\" rel=\"noopener\">About Us<\/a><\/span><\/h5><\/li><li><h5><span style=\"color: #ff6600;\"><a style=\"color: #ff6600;\" href=\"https:\/\/americanpetroleumpr.com\/wp-content\/uploads\/APCAboutUsSPA.pdf\" target=\"_blank\" rel=\"noopener\">Sobre nosotros<\/a><\/span><\/h5><\/li><li><h5><span style=\"color: #ff6600;\"><a style=\"color: #ff6600;\" href=\"https:\/\/americanpetroleumpr.com\/wp-content\/uploads\/Estacion-Portatil.pdf\" target=\"_blank\" rel=\"noopener\">Estaci\u00f3n port\u00e1til<\/a><\/span><\/h5><\/li><li><h5><span style=\"color: #ff6600;\"><a style=\"color: #ff6600;\" href=\"https:\/\/americanpetroleumpr.com\/wp-content\/uploads\/FleetCardFlyer-ESP-1.pdf\" target=\"_blank\" rel=\"noopener\">Fleet Card (espa\u00f1ol)<\/a><\/span><\/h5><\/li><li><h5><span style=\"color: #ff6600;\"><a style=\"color: #ff6600;\" href=\"https:\/\/americanpetroleumpr.com\/wp-content\/uploads\/FleetCardFlyer-EN-1.pdf\" target=\"_blank\" rel=\"noopener\">Fleet Card (english)<\/a><\/span><\/h5><\/li><li><h5><span style=\"color: #ff6600;\"><a style=\"color: #ff6600;\" href=\"https:\/\/americanpetroleumpr.com\/wp-content\/uploads\/Solicitud-de-Credito-ESP-10-19-2020-1.pdf\" target=\"_blank\" rel=\"noopener\">Solcitud de cr\u00e9dito<\/a><\/span><\/h5><\/li><li><h5><span style=\"color: #ff6600;\"><a style=\"color: #ff6600;\" href=\"https:\/\/americanpetroleumpr.com\/wp-content\/uploads\/Cuenta-Efectivo-Cheque-10-19-2020.pdf\" target=\"_blank\" rel=\"noopener\">Solcitud de cuenta en efectivo o cheque<\/a><\/span><\/h5><\/li><li><h5><span style=\"color: #ff6600;\"><a style=\"color: #ff6600;\" href=\"https:\/\/americanpetroleumpr.com\/wp-content\/uploads\/Solicitud-de-Credito-ING-Editable-7-13-2020.pdf\" target=\"_blank\" rel=\"noopener\">Credit Application<\/a><\/span><\/h5><\/li><li><h5><span style=\"color: #ff6600;\"><a style=\"color: #ff6600;\" href=\"https:\/\/americanpetroleumpr.com\/wp-content\/uploads\/Cuenta-Cash-Check-06-15-2021.pdf\" target=\"_blank\" rel=\"noopener\">Cash or Check Account Application<\/a><\/span><\/h5><\/li><li><h5><a href=\"https:\/\/americanpetroleumpr.com\/wp-content\/uploads\/Plan-de-Contingencia-Temporada-de-Huracanes-2021.pdf\"><span style=\"color: #ff6600;\">Plan de Contingencia<\/span><\/a><\/h5><\/li><li><h5><a href=\"https:\/\/americanpetroleumpr.com\/wp-content\/uploads\/FlyerIndividuos-21.pdf\"><span style=\"color: #ff6600;\">Flyer Huracanes Individuo<\/span><\/a><\/h5><\/li><li><h5><a href=\"https:\/\/americanpetroleumpr.com\/wp-content\/uploads\/FlyerEmpresas-21.pdf\"><span style=\"color: #ff6600;\">Flyer Huracanes Empresas<\/span><\/a><\/h5><\/li><li><h5><a href=\"https:\/\/americanpetroleumpr.com\/wp-content\/uploads\/Flyer3Pasos-21.pdf\"><span style=\"color: #ff6600;\">Flyer Huracanes &#8211; 3 Pasos para abrir una cuenta<\/span><\/a><\/h5><\/li><\/ul>\t\t\t\t\t\t\t\t<\/div>\n\t\t\t\t<\/div>\n\t\t\t\t\t<\/div>\n\t\t<\/div>\n\t\t\t\t\t<\/div>\n\t\t<\/section>\n\t\t\t\t<section class=\"elementor-section elementor-top-section elementor-element elementor-element-a4496b1 elementor-section-boxed elementor-section-height-default elementor-section-height-default\" data-id=\"a4496b1\" data-element_type=\"section\" data-e-type=\"section\">\n\t\t\t\t\t\t<div class=\"elementor-container elementor-column-gap-default\">\n\t\t\t\t\t<div class=\"elementor-column elementor-col-100 elementor-top-column elementor-element elementor-element-6ffc98f\" data-id=\"6ffc98f\" data-element_type=\"column\" data-e-type=\"column\">\n\t\t\t<div class=\"elementor-widget-wrap elementor-element-populated\">\n\t\t\t\t\t\t<div class=\"elementor-element elementor-element-069afb9 elementor-widget elementor-widget-spacer\" data-id=\"069afb9\" data-element_type=\"widget\" data-e-type=\"widget\" data-widget_type=\"spacer.default\">\n\t\t\t\t<div class=\"elementor-widget-container\">\n\t\t\t\t\t\t\t<div class=\"elementor-spacer\">\n\t\t\t<div class=\"elementor-spacer-inner\"><\/div>\n\t\t<\/div>\n\t\t\t\t\t\t<\/div>\n\t\t\t\t<\/div>\n\t\t\t\t\t<\/div>\n\t\t<\/div>\n\t\t\t\t\t<\/div>\n\t\t<\/section>\n\t\t\t\t<section class=\"elementor-section elementor-top-section elementor-element elementor-element-572ba8f elementor-section-stretched elementor-section-boxed elementor-section-height-default elementor-section-height-default\" data-id=\"572ba8f\" data-element_type=\"section\" data-e-type=\"section\" data-settings=\"{&quot;stretch_section&quot;:&quot;section-stretched&quot;}\">\n\t\t\t\t\t\t<div class=\"elementor-container elementor-column-gap-default\">\n\t\t\t\t\t<div class=\"elementor-column elementor-col-50 elementor-top-column elementor-element elementor-element-364bd18\" data-id=\"364bd18\" data-element_type=\"column\" data-e-type=\"column\">\n\t\t\t<div class=\"elementor-widget-wrap elementor-element-populated\">\n\t\t\t\t\t\t<div class=\"elementor-element elementor-element-72cd6fc elementor-widget elementor-widget-heading\" data-id=\"72cd6fc\" data-element_type=\"widget\" data-e-type=\"widget\" data-widget_type=\"heading.default\">\n\t\t\t\t<div class=\"elementor-widget-container\">\n\t\t\t\t\t<h2 class=\"elementor-heading-title elementor-size-default\">Let's Talk!<\/h2>\t\t\t\t<\/div>\n\t\t\t\t<\/div>\n\t\t\t\t<div class=\"elementor-element elementor-element-d724ec0 elementor-widget elementor-widget-text-editor\" data-id=\"d724ec0\" data-element_type=\"widget\" data-e-type=\"widget\" data-widget_type=\"text-editor.default\">\n\t\t\t\t<div class=\"elementor-widget-container\">\n\t\t\t\t\t\t\t\t\t<h5><span style=\"font-weight: normal;\">We will respond to your message as soon as possible.\t\t\t\t\t\t\t\t<\/div>\n\t\t\t\t<\/div>\n\t\t\t\t\t<\/div>\n\t\t<\/div>\n\t\t\t\t<div class=\"elementor-column elementor-col-50 elementor-top-column elementor-element elementor-element-2b56deb\" data-id=\"2b56deb\" data-element_type=\"column\" data-e-type=\"column\">\n\t\t\t<div class=\"elementor-widget-wrap\">\n\t\t\t\t\t\t\t<\/div>\n\t\t<\/div>\n\t\t\t\t\t<\/div>\n\t\t<\/section>\n\t\t\t\t<section class=\"elementor-section elementor-top-section elementor-element elementor-element-71f1b22 elementor-section-boxed elementor-section-height-default elementor-section-height-default\" data-id=\"71f1b22\" data-element_type=\"section\" data-e-type=\"section\">\n\t\t\t\t\t\t<div class=\"elementor-container elementor-column-gap-default\">\n\t\t\t\t\t<div class=\"elementor-column elementor-col-100 elementor-top-column elementor-element elementor-element-dd8e8db\" data-id=\"dd8e8db\" data-element_type=\"column\" data-e-type=\"column\">\n\t\t\t<div class=\"elementor-widget-wrap elementor-element-populated\">\n\t\t\t\t\t\t<div class=\"elementor-element elementor-element-83aeb85 elementor-widget elementor-widget-spacer\" data-id=\"83aeb85\" data-element_type=\"widget\" data-e-type=\"widget\" data-widget_type=\"spacer.default\">\n\t\t\t\t<div class=\"elementor-widget-container\">\n\t\t\t\t\t\t\t<div class=\"elementor-spacer\">\n\t\t\t<div class=\"elementor-spacer-inner\"><\/div>\n\t\t<\/div>\n\t\t\t\t\t\t<\/div>\n\t\t\t\t<\/div>\n\t\t\t\t\t<\/div>\n\t\t<\/div>\n\t\t\t\t\t<\/div>\n\t\t<\/section>\n\t\t\t\t<\/div>\n\t\t","protected":false},"excerpt":{"rendered":"<p>Complete an Application CREDIT APPLICATION CASH APPLICATION Additional Documents Documents in PDF format: About Us Sobre nosotros Estaci\u00f3n port\u00e1til Fleet Card (espa\u00f1ol) Fleet Card (english) Solcitud de cr\u00e9dito Solcitud de cuenta en efectivo o cheque Credit Application Cash or Check Account Application Plan de Contingencia Flyer Huracanes Individuo Flyer Huracanes Empresas Flyer Huracanes &#8211; 3 [&hellip;]<\/p>\n","protected":false},"author":1,"featured_media":0,"parent":0,"menu_order":5,"comment_status":"closed","ping_status":"closed","template":"","meta":{"footnotes":""},"class_list":["post-17464","page","type-page","status-publish","hentry"],"_links":{"self":[{"href":"https:\/\/americanpetroleumpr.com\/en\/wp-json\/wp\/v2\/pages\/17464","targetHints":{"allow":["GET"]}}],"collection":[{"href":"https:\/\/americanpetroleumpr.com\/en\/wp-json\/wp\/v2\/pages"}],"about":[{"href":"https:\/\/americanpetroleumpr.com\/en\/wp-json\/wp\/v2\/types\/page"}],"author":[{"embeddable":true,"href":"https:\/\/americanpetroleumpr.com\/en\/wp-json\/wp\/v2\/users\/1"}],"replies":[{"embeddable":true,"href":"https:\/\/americanpetroleumpr.com\/en\/wp-json\/wp\/v2\/comments?post=17464"}],"version-history":[{"count":47,"href":"https:\/\/americanpetroleumpr.com\/en\/wp-json\/wp\/v2\/pages\/17464\/revisions"}],"predecessor-version":[{"id":25310,"href":"https:\/\/americanpetroleumpr.com\/en\/wp-json\/wp\/v2\/pages\/17464\/revisions\/25310"}],"wp:attachment":[{"href":"https:\/\/americanpetroleumpr.com\/en\/wp-json\/wp\/v2\/media?parent=17464"}],"curies":[{"name":"wp","href":"https:\/\/api.w.org\/{rel}","templated":true}]}}